{"id":487,"date":"2015-04-27T10:53:17","date_gmt":"2015-04-27T08:53:17","guid":{"rendered":"http:\/\/www2.zipol.cz\/wp\/?page_id=487"},"modified":"2018-01-30T09:39:06","modified_gmt":"2018-01-30T08:39:06","slug":"revo","status":"publish","type":"page","link":"http:\/\/www2.zipol.cz\/wp\/revo\/","title":{"rendered":""},"content":{"rendered":"<p><span style=\"font-size: 18pt;\"><strong><u>REVO<\/u><\/strong><\/span><\/p>\n<p><strong>Radia p\u0159edn\u00edho britsk\u00e9ho v\u00fdrobce audio techniky<br \/>\n<\/strong><strong>R\u00e1dia ocen\u011bn\u00e1 presti\u017en\u00edmi cenami za audio kvalitu i za design<br \/>\n<\/strong><\/p>\n<p><a href=\"http:\/\/www2.zipol.cz\/wp\/wp-content\/uploads\/new_colours_slide4.jpg\"><img decoding=\"async\" loading=\"lazy\" class=\"alignnone size-full wp-image-536\" title=\"new_colours_slide4\" src=\"http:\/\/www2.zipol.cz\/wp\/wp-content\/uploads\/new_colours_slide4.jpg\" alt=\"\" width=\"1008\" height=\"605\" srcset=\"http:\/\/www2.zipol.cz\/wp\/wp-content\/uploads\/new_colours_slide4.jpg 1008w, http:\/\/www2.zipol.cz\/wp\/wp-content\/uploads\/new_colours_slide4-150x90.jpg 150w, http:\/\/www2.zipol.cz\/wp\/wp-content\/uploads\/new_colours_slide4-600x360.jpg 600w, http:\/\/www2.zipol.cz\/wp\/wp-content\/uploads\/new_colours_slide4-700x420.jpg 700w, http:\/\/www2.zipol.cz\/wp\/wp-content\/uploads\/new_colours_slide4-332x199.jpg 332w\" sizes=\"(max-width: 1008px) 100vw, 1008px\" \/><\/a><\/p>\n","protected":false},"excerpt":{"rendered":"<p>REVO Radia p\u0159edn\u00edho britsk\u00e9ho v\u00fdrobce audio techniky R\u00e1dia ocen\u011bn\u00e1 presti\u017en\u00edmi cenami za audio kvalitu i za design<\/p>\n","protected":false},"author":1,"featured_media":0,"parent":0,"menu_order":0,"comment_status":"closed","ping_status":"open","template":"","meta":[],"_links":{"self":[{"href":"http:\/\/www2.zipol.cz\/wp\/wp-json\/wp\/v2\/pages\/487"}],"collection":[{"href":"http:\/\/www2.zipol.cz\/wp\/wp-json\/wp\/v2\/pages"}],"about":[{"href":"http:\/\/www2.zipol.cz\/wp\/wp-json\/wp\/v2\/types\/page"}],"author":[{"embeddable":true,"href":"http:\/\/www2.zipol.cz\/wp\/wp-json\/wp\/v2\/users\/1"}],"replies":[{"embeddable":true,"href":"http:\/\/www2.zipol.cz\/wp\/wp-json\/wp\/v2\/comments?post=487"}],"version-history":[{"count":22,"href":"http:\/\/www2.zipol.cz\/wp\/wp-json\/wp\/v2\/pages\/487\/revisions"}],"predecessor-version":[{"id":490,"href":"http:\/\/www2.zipol.cz\/wp\/wp-json\/wp\/v2\/pages\/487\/revisions\/490"}],"wp:attachment":[{"href":"http:\/\/www2.zipol.cz\/wp\/wp-json\/wp\/v2\/media?parent=487"}],"curies":[{"name":"wp","href":"https:\/\/api.w.org\/{rel}","templated":true}]}}